{"id":616,"date":"2020-10-08T02:00:55","date_gmt":"2020-10-08T02:00:55","guid":{"rendered":"https:\/\/springfieldinstruments.com\/wp2020\/?page_id=616"},"modified":"2020-10-08T02:01:35","modified_gmt":"2020-10-08T02:01:35","slug":"solutions-pour-la-cuisine","status":"publish","type":"page","link":"https:\/\/springfieldinstruments.com\/fr\/produits\/solutions-pour-la-cuisine\/","title":{"rendered":"Solutions pour la cuisine"},"content":{"rendered":"\t\t<div data-elementor-type=\"wp-page\" data-elementor-id=\"616\" class=\"elementor elementor-616\">\n\t\t\t\t\t\t<section class=\"elementor-section elementor-top-section elementor-element elementor-element-25d988d elementor-section-height-min-height elementor-section-content-top elementor-section-boxed elementor-section-height-default elementor-section-items-middle\" data-id=\"25d988d\" data-element_type=\"section\" data-e-type=\"section\" data-settings=\"{&quot;jet_parallax_layout_list&quot;:[{&quot;jet_parallax_layout_image&quot;:{&quot;url&quot;:&quot;&quot;,&quot;id&quot;:&quot;&quot;,&quot;size&quot;:&quot;&quot;},&quot;_id&quot;:&quot;7b2f0d3&quot;,&quot;jet_parallax_layout_image_tablet&quot;:{&quot;url&quot;:&quot;&quot;,&quot;id&quot;:&quot;&quot;,&quot;size&quot;:&quot;&quot;},&quot;jet_parallax_layout_image_mobile&quot;:{&quot;url&quot;:&quot;&quot;,&quot;id&quot;:&quot;&quot;,&quot;size&quot;:&quot;&quot;},&quot;jet_parallax_layout_speed&quot;:{&quot;unit&quot;:&quot;%&quot;,&quot;size&quot;:50,&quot;sizes&quot;:[]},&quot;jet_parallax_layout_type&quot;:&quot;scroll&quot;,&quot;jet_parallax_layout_direction&quot;:&quot;1&quot;,&quot;jet_parallax_layout_fx_direction&quot;:null,&quot;jet_parallax_layout_z_index&quot;:&quot;&quot;,&quot;jet_parallax_layout_bg_x&quot;:50,&quot;jet_parallax_layout_bg_x_tablet&quot;:&quot;&quot;,&quot;jet_parallax_layout_bg_x_mobile&quot;:&quot;&quot;,&quot;jet_parallax_layout_bg_y&quot;:50,&quot;jet_parallax_layout_bg_y_tablet&quot;:&quot;&quot;,&quot;jet_parallax_layout_bg_y_mobile&quot;:&quot;&quot;,&quot;jet_parallax_layout_bg_size&quot;:&quot;auto&quot;,&quot;jet_parallax_layout_bg_size_tablet&quot;:&quot;&quot;,&quot;jet_parallax_layout_bg_size_mobile&quot;:&quot;&quot;,&quot;jet_parallax_layout_animation_prop&quot;:&quot;transform&quot;,&quot;jet_parallax_layout_on&quot;:[&quot;desktop&quot;,&quot;tablet&quot;]}],&quot;background_background&quot;:&quot;gradient&quot;}\">\n\t\t\t\t\t\t<div class=\"elementor-container elementor-column-gap-no\">\n\t\t\t\t\t<div class=\"elementor-column elementor-col-100 elementor-top-column elementor-element elementor-element-285ff5d\" data-id=\"285ff5d\" data-element_type=\"column\" data-e-type=\"column\">\n\t\t\t<div class=\"elementor-widget-wrap elementor-element-populated\">\n\t\t\t\t\t\t<div class=\"elementor-element elementor-element-90123c0 elementor-widget elementor-widget-text-editor\" data-id=\"90123c0\" data-element_type=\"widget\" data-e-type=\"widget\" data-widget_type=\"text-editor.default\">\n\t\t\t\t<div class=\"elementor-widget-container\">\n\t\t\t\t\t\t\t\t\t<p>Solutions pour la cuisine<\/p>\t\t\t\t\t\t\t\t<\/div>\n\t\t\t\t<\/div>\n\t\t\t\t\t<\/div>\n\t\t<\/div>\n\t\t\t\t\t<\/div>\n\t\t<\/section>\n\t\t\t\t<section class=\"elementor-section elementor-top-section elementor-element elementor-element-a2946f3 elementor-section-boxed elementor-section-height-default elementor-section-height-default\" data-id=\"a2946f3\" data-element_type=\"section\" data-e-type=\"section\" data-settings=\"{&quot;jet_parallax_layout_list&quot;:[{&quot;jet_parallax_layout_image&quot;:{&quot;url&quot;:&quot;&quot;,&quot;id&quot;:&quot;&quot;,&quot;size&quot;:&quot;&quot;},&quot;_id&quot;:&quot;d65a6de&quot;,&quot;jet_parallax_layout_image_tablet&quot;:{&quot;url&quot;:&quot;&quot;,&quot;id&quot;:&quot;&quot;,&quot;size&quot;:&quot;&quot;},&quot;jet_parallax_layout_image_mobile&quot;:{&quot;url&quot;:&quot;&quot;,&quot;id&quot;:&quot;&quot;,&quot;size&quot;:&quot;&quot;},&quot;jet_parallax_layout_speed&quot;:{&quot;unit&quot;:&quot;%&quot;,&quot;size&quot;:50,&quot;sizes&quot;:[]},&quot;jet_parallax_layout_type&quot;:&quot;scroll&quot;,&quot;jet_parallax_layout_direction&quot;:&quot;1&quot;,&quot;jet_parallax_layout_fx_direction&quot;:null,&quot;jet_parallax_layout_z_index&quot;:&quot;&quot;,&quot;jet_parallax_layout_bg_x&quot;:50,&quot;jet_parallax_layout_bg_x_tablet&quot;:&quot;&quot;,&quot;jet_parallax_layout_bg_x_mobile&quot;:&quot;&quot;,&quot;jet_parallax_layout_bg_y&quot;:50,&quot;jet_parallax_layout_bg_y_tablet&quot;:&quot;&quot;,&quot;jet_parallax_layout_bg_y_mobile&quot;:&quot;&quot;,&quot;jet_parallax_layout_bg_size&quot;:&quot;auto&quot;,&quot;jet_parallax_layout_bg_size_tablet&quot;:&quot;&quot;,&quot;jet_parallax_layout_bg_size_mobile&quot;:&quot;&quot;,&quot;jet_parallax_layout_animation_prop&quot;:&quot;transform&quot;,&quot;jet_parallax_layout_on&quot;:[&quot;desktop&quot;,&quot;tablet&quot;]}]}\">\n\t\t\t\t\t\t<div class=\"elementor-container elementor-column-gap-default\">\n\t\t\t\t\t<div class=\"elementor-column elementor-col-33 elementor-top-column elementor-element elementor-element-7bb532f\" data-id=\"7bb532f\" data-element_type=\"column\" data-e-type=\"column\">\n\t\t\t<div class=\"elementor-widget-wrap elementor-element-populated\">\n\t\t\t\t\t\t<div class=\"elementor-element elementor-element-7fbb081 elementor-widget elementor-widget-text-editor\" data-id=\"7fbb081\" data-element_type=\"widget\" data-e-type=\"widget\" data-widget_type=\"text-editor.default\">\n\t\t\t\t<div class=\"elementor-widget-container\">\n\t\t\t\t\t\t\t\t\t<p>Les produits pour la cuisine de marque One Touch repr\u00e9sentent la prochaine g\u00e9n\u00e9ration de produits de consommation \u00e0 la fine pointe de la technologie. Depuis 1993, One Touch innove au profit de l\u2019inspiration culinaire.<\/p>\t\t\t\t\t\t\t\t<\/div>\n\t\t\t\t<\/div>\n\t\t\t\t\t<\/div>\n\t\t<\/div>\n\t\t\t\t<div class=\"elementor-column elementor-col-33 elementor-top-column elementor-element elementor-element-73b4e2b\" data-id=\"73b4e2b\" data-element_type=\"column\" data-e-type=\"column\">\n\t\t\t<div class=\"elementor-widget-wrap elementor-element-populated\">\n\t\t\t\t\t\t<div class=\"elementor-element elementor-element-f362842 elementor-widget elementor-widget-text-editor\" data-id=\"f362842\" data-element_type=\"widget\" data-e-type=\"widget\" data-widget_type=\"text-editor.default\">\n\t\t\t\t<div class=\"elementor-widget-container\">\n\t\t\t\t\t\t\t\t\t<p>Nous nous employons \u00e0 faciliter la pr\u00e9paration des aliments et \u00e0 aider les personnes ayant une dext\u00e9rit\u00e9 manuelle ou digitale limit\u00e9e. Nous nous effor\u00e7ons de transformer les choix pour la cuisine en plaisir dans la cuisine.<\/p>\t\t\t\t\t\t\t\t<\/div>\n\t\t\t\t<\/div>\n\t\t\t\t\t<\/div>\n\t\t<\/div>\n\t\t\t\t<div class=\"elementor-column elementor-col-33 elementor-top-column elementor-element elementor-element-bb4eca8\" data-id=\"bb4eca8\" data-element_type=\"column\" data-e-type=\"column\">\n\t\t\t<div class=\"elementor-widget-wrap elementor-element-populated\">\n\t\t\t\t\t\t<div class=\"elementor-element elementor-element-52f531e elementor-widget-tablet__width-auto elementor-widget elementor-widget-image\" data-id=\"52f531e\" data-element_type=\"widget\" data-e-type=\"widget\" data-widget_type=\"image.default\">\n\t\t\t\t<div class=\"elementor-widget-container\">\n\t\t\t\t\t\t\t\t\t\t\t\t\t\t\t<img decoding=\"async\" data-src=\"https:\/\/springfieldinstruments.com\/wp-content\/uploads\/elementor\/thumbs\/onetouch-ppl1hjb8rj2i0qtj5oe0e7wquvstsqlcfmfht5xg90.png\" title=\"onetouch\" alt=\"onetouch\" src=\"data:image\/svg+xml;base64,PHN2ZyB3aWR0aD0iMSIgaGVpZ2h0PSIxIiB4bWxucz0iaHR0cDovL3d3dy53My5vcmcvMjAwMC9zdmciPjwvc3ZnPg==\" class=\"lazyload\" style=\"--smush-placeholder-width: 210px; --smush-placeholder-aspect-ratio: 210\/26;\" \/>\t\t\t\t\t\t\t\t\t\t\t\t\t\t\t<\/div>\n\t\t\t\t<\/div>\n\t\t\t\t\t<\/div>\n\t\t<\/div>\n\t\t\t\t\t<\/div>\n\t\t<\/section>\n\t\t\t\t<section class=\"elementor-section elementor-top-section elementor-element elementor-element-dfe10ab elementor-section-boxed elementor-section-height-default elementor-section-height-default\" data-id=\"dfe10ab\" data-element_type=\"section\" data-e-type=\"section\" data-settings=\"{&quot;jet_parallax_layout_list&quot;:[{&quot;jet_parallax_layout_image&quot;:{&quot;url&quot;:&quot;&quot;,&quot;id&quot;:&quot;&quot;,&quot;size&quot;:&quot;&quot;},&quot;_id&quot;:&quot;e010eee&quot;,&quot;jet_parallax_layout_image_tablet&quot;:{&quot;url&quot;:&quot;&quot;,&quot;id&quot;:&quot;&quot;,&quot;size&quot;:&quot;&quot;},&quot;jet_parallax_layout_image_mobile&quot;:{&quot;url&quot;:&quot;&quot;,&quot;id&quot;:&quot;&quot;,&quot;size&quot;:&quot;&quot;},&quot;jet_parallax_layout_speed&quot;:{&quot;unit&quot;:&quot;%&quot;,&quot;size&quot;:50,&quot;sizes&quot;:[]},&quot;jet_parallax_layout_type&quot;:&quot;scroll&quot;,&quot;jet_parallax_layout_direction&quot;:&quot;1&quot;,&quot;jet_parallax_layout_fx_direction&quot;:null,&quot;jet_parallax_layout_z_index&quot;:&quot;&quot;,&quot;jet_parallax_layout_bg_x&quot;:50,&quot;jet_parallax_layout_bg_x_tablet&quot;:&quot;&quot;,&quot;jet_parallax_layout_bg_x_mobile&quot;:&quot;&quot;,&quot;jet_parallax_layout_bg_y&quot;:50,&quot;jet_parallax_layout_bg_y_tablet&quot;:&quot;&quot;,&quot;jet_parallax_layout_bg_y_mobile&quot;:&quot;&quot;,&quot;jet_parallax_layout_bg_size&quot;:&quot;auto&quot;,&quot;jet_parallax_layout_bg_size_tablet&quot;:&quot;&quot;,&quot;jet_parallax_layout_bg_size_mobile&quot;:&quot;&quot;,&quot;jet_parallax_layout_animation_prop&quot;:&quot;transform&quot;,&quot;jet_parallax_layout_on&quot;:[&quot;desktop&quot;,&quot;tablet&quot;]}],&quot;background_background&quot;:&quot;classic&quot;}\">\n\t\t\t\t\t\t<div class=\"elementor-container elementor-column-gap-default\">\n\t\t\t\t\t<div class=\"elementor-column elementor-col-100 elementor-top-column elementor-element elementor-element-86e71d7\" data-id=\"86e71d7\" data-element_type=\"column\" data-e-type=\"column\">\n\t\t\t<div class=\"elementor-widget-wrap elementor-element-populated\">\n\t\t\t\t\t\t<div class=\"elementor-element elementor-element-e634ccb elementor-widget elementor-widget-aux_masterslider\" data-id=\"e634ccb\" data-element_type=\"widget\" data-e-type=\"widget\" data-widget_type=\"aux_masterslider.default\">\n\t\t\t\t<div class=\"elementor-widget-container\">\n\t\t\t\t\t\n\t\t<!-- MasterSlider -->\n\t\t<div id=\"P_MS69e8f365652e3\" class=\"master-slider-parent ms-parent-id-7\" style=\"max-width:770px;\" >\n\n\t\t\t\n\t\t\t<!-- MasterSlider Main -->\n\t\t\t<div id=\"MS69e8f365652e3\" class=\"master-slider ms-skin-light-6 round-skin\" >\n\t\t\t\t \t\t\t\t \n\n\t\t\t<div  class=\"ms-slide\" data-delay=\"3\" data-fill-mode=\"fit\"   >\n\t\t\t\t\t<img decoding=\"async\" src=\"https:\/\/springfieldinstruments.com\/wp-content\/plugins\/masterslider\/public\/assets\/css\/blank.gif\" alt=\"\" title=\"142-5477-8_out-of-package_2\" data-src=\"https:\/\/springfieldinstruments.com\/wp-content\/uploads\/2020\/10\/KC93-2.jpg\" \/>\n\n\n\t<img decoding=\"async\" class=\"ms-thumb lazyload\" data-src=\"https:\/\/springfieldinstruments.com\/wp-content\/uploads\/2020\/10\/KC93-2-160x90.jpg\" alt=\"\" src=\"data:image\/svg+xml;base64,PHN2ZyB3aWR0aD0iMSIgaGVpZ2h0PSIxIiB4bWxucz0iaHR0cDovL3d3dy53My5vcmcvMjAwMC9zdmciPjwvc3ZnPg==\" style=\"--smush-placeholder-width: 160px; --smush-placeholder-aspect-ratio: 160\/90;\" \/>\n\t\t\t\t<\/div>\n\t\t\t<div  class=\"ms-slide\" data-delay=\"3\" data-fill-mode=\"fit\"   >\n\t\t\t\t\t<img decoding=\"async\" src=\"https:\/\/springfieldinstruments.com\/wp-content\/plugins\/masterslider\/public\/assets\/css\/blank.gif\" alt=\"\" title=\"143-4306_2\" data-src=\"https:\/\/springfieldinstruments.com\/wp-content\/uploads\/2020\/10\/KC96_2.jpg\" \/>\n\n\n\t<img decoding=\"async\" class=\"ms-thumb lazyload\" data-src=\"https:\/\/springfieldinstruments.com\/wp-content\/uploads\/2020\/10\/KC96_2-160x90.jpg\" alt=\"\" src=\"data:image\/svg+xml;base64,PHN2ZyB3aWR0aD0iMSIgaGVpZ2h0PSIxIiB4bWxucz0iaHR0cDovL3d3dy53My5vcmcvMjAwMC9zdmciPjwvc3ZnPg==\" style=\"--smush-placeholder-width: 160px; --smush-placeholder-aspect-ratio: 160\/90;\" \/>\n\t\t\t\t<\/div>\n\t\t\t<div  class=\"ms-slide\" data-delay=\"3\" data-fill-mode=\"fit\"   >\n\t\t\t\t\t<img decoding=\"async\" src=\"https:\/\/springfieldinstruments.com\/wp-content\/plugins\/masterslider\/public\/assets\/css\/blank.gif\" alt=\"\" title=\"042-9125_2\" data-src=\"https:\/\/springfieldinstruments.com\/wp-content\/uploads\/2020\/10\/KC86.jpg\" \/>\n\n\n\t<img decoding=\"async\" class=\"ms-thumb lazyload\" data-src=\"https:\/\/springfieldinstruments.com\/wp-content\/uploads\/2020\/10\/KC86-160x90.jpg\" alt=\"\" src=\"data:image\/svg+xml;base64,PHN2ZyB3aWR0aD0iMSIgaGVpZ2h0PSIxIiB4bWxucz0iaHR0cDovL3d3dy53My5vcmcvMjAwMC9zdmciPjwvc3ZnPg==\" style=\"--smush-placeholder-width: 160px; --smush-placeholder-aspect-ratio: 160\/90;\" \/>\n\t\t\t\t<\/div>\n\n\t\t\t<\/div>\n\t\t\t<!-- END MasterSlider Main -->\n\n\t\t\t \n\t\t<\/div>\n\t\t<!-- END MasterSlider -->\n\n\t\t<script>\n\t\t( window.MSReady = window.MSReady || [] ).push( function( $ ) {\n\n\t\t\t\"use strict\";\n\t\t\tvar masterslider_52e3 = new MasterSlider();\n\n\t\t\t\/\/ slider controls\n\t\t\tmasterslider_52e3.control('arrows'     ,{ autohide:true, overVideo:true  });\n\t\t\tmasterslider_52e3.control('thumblist'  ,{ autohide:false, overVideo:false, dir:'h', speed:17, inset:false, arrows:false, hover:false, customClass:'', align:'bottom',type:'thumbs', margin:5, width:160, height:90, space:5, fillMode:'fill'  });\n\t\t\t\/\/ slider setup\n\t\t\tmasterslider_52e3.setup(\"MS69e8f365652e3\", {\n\t\t\t\twidth           : 770,\n\t\t\t\theight          : 480,\n\t\t\t\tminHeight       : 0,\n\t\t\t\tspace           : 5,\n\t\t\t\tstart           : 1,\n\t\t\t\tgrabCursor      : true,\n\t\t\t\tswipe           : true,\n\t\t\t\tmouse           : true,\n\t\t\t\tkeyboard        : false,\n\t\t\t\tlayout          : \"boxed\",\n\t\t\t\twheel           : false,\n\t\t\t\tautoplay        : true,\n                instantStartLayers:false,\n\t\t\t\tmobileBGVideo:false,\n\t\t\t\tloop            : true,\n\t\t\t\tshuffle         : false,\n\t\t\t\tpreload         : 2,\n\t\t\t\theightLimit     : true,\n\t\t\t\tautoHeight      : false,\n\t\t\t\tsmoothHeight    : true,\n\t\t\t\tendPause        : false,\n\t\t\t\toverPause       : true,\n\t\t\t\tfillMode        : \"fill\",\n\t\t\t\tcenterControls  : true,\n\t\t\t\tstartOnAppear   : false,\n\t\t\t\tlayersMode      : \"center\",\n\t\t\t\tautofillTarget  : \"\",\n\t\t\t\thideLayers      : false,\n\t\t\t\tfullscreenMargin: 0,\n\t\t\t\tspeed           : 20,\n\t\t\t\tdir             : \"h\",\n\t\t\t\tresponsive      : true,\n\t\t\t\ttabletWidth     : 768,\n\t\t\t\ttabletHeight    : null,\n\t\t\t\tphoneWidth      : 480,\n\t\t\t\tphoneHeight    : null,\n\t\t\t\tsizingReference : window,\n\t\t\t\tparallaxMode    : 'swipe',\n\t\t\t\tview            : \"basic\"\n\t\t\t});\n\n\t\t\t\n\t\t\twindow.masterslider_instances = window.masterslider_instances || [];\n\t\t\twindow.masterslider_instances.push( masterslider_52e3 );\n\t\t});\n\t\t<\/script>\n\n\t\t\t\t<\/div>\n\t\t\t\t<\/div>\n\t\t\t\t\t<\/div>\n\t\t<\/div>\n\t\t\t\t\t<\/div>\n\t\t<\/section>\n\t\t\t\t<\/div>\n\t\t","protected":false},"excerpt":{"rendered":"<p>Solutions pour la cuisine Les produits pour la cuisine de marque One Touch repr\u00e9sentent la prochaine g\u00e9n\u00e9ration de produits de consommation \u00e0 la fine pointe de la technologie. Depuis 1993, One Touch innove au profit de l\u2019inspiration culinaire. Nous nous employons \u00e0 faciliter la pr\u00e9paration des aliments et \u00e0 aider les personnes ayant une dext\u00e9rit\u00e9 [&hellip;]<\/p>\n","protected":false},"author":1,"featured_media":0,"parent":602,"menu_order":0,"comment_status":"closed","ping_status":"closed","template":"elementor_header_footer","meta":{"_acf_changed":false,"footnotes":""},"class_list":["post-616","page","type-page","status-publish","hentry"],"acf":[],"yoast_head":"<!-- This site is optimized with the Yoast SEO plugin v27.3 - https:\/\/yoast.com\/product\/yoast-seo-wordpress\/ -->\n<title>Solutions pour la cuisine<\/title>\n<meta name=\"description\" content=\"Les produits pour la cuisine de marque One Touch repr\u00e9sentent la prochaine g\u00e9n\u00e9ration de produits de consommation \u00e0 la fine pointe de la technologie.\" \/>\n<meta name=\"robots\" content=\"index, follow, max-snippet:-1, max-image-preview:large, max-video-preview:-1\" \/>\n<link rel=\"canonical\" href=\"https:\/\/springfieldinstruments.com\/fr\/produits\/solutions-pour-la-cuisine\/\" \/>\n<meta property=\"og:locale\" content=\"fr_FR\" \/>\n<meta property=\"og:type\" content=\"article\" \/>\n<meta property=\"og:title\" content=\"Solutions pour la cuisine\" \/>\n<meta property=\"og:description\" content=\"Les produits pour la cuisine de marque One Touch repr\u00e9sentent la prochaine g\u00e9n\u00e9ration de produits de consommation \u00e0 la fine pointe de la technologie.\" \/>\n<meta property=\"og:url\" content=\"https:\/\/springfieldinstruments.com\/fr\/produits\/solutions-pour-la-cuisine\/\" \/>\n<meta property=\"og:site_name\" content=\"Springfield Instruments\" \/>\n<meta property=\"article:modified_time\" content=\"2020-10-08T02:01:35+00:00\" \/>\n<meta property=\"og:image\" content=\"https:\/\/springfieldinstruments.com\/wp-content\/uploads\/elementor\/thumbs\/onetouch-owkhd424ohj7fjxq4z1n6f31t3gws46sz15uy87lou.png\" \/>\n<meta name=\"twitter:card\" content=\"summary_large_image\" \/>\n<script type=\"application\/ld+json\" class=\"yoast-schema-graph\">{\"@context\":\"https:\\\/\\\/schema.org\",\"@graph\":[{\"@type\":\"WebPage\",\"@id\":\"https:\\\/\\\/springfieldinstruments.com\\\/fr\\\/produits\\\/solutions-pour-la-cuisine\\\/\",\"url\":\"https:\\\/\\\/springfieldinstruments.com\\\/fr\\\/produits\\\/solutions-pour-la-cuisine\\\/\",\"name\":\"Solutions pour la cuisine\",\"isPartOf\":{\"@id\":\"https:\\\/\\\/springfieldinstruments.com\\\/#website\"},\"primaryImageOfPage\":{\"@id\":\"https:\\\/\\\/springfieldinstruments.com\\\/fr\\\/produits\\\/solutions-pour-la-cuisine\\\/#primaryimage\"},\"image\":{\"@id\":\"https:\\\/\\\/springfieldinstruments.com\\\/fr\\\/produits\\\/solutions-pour-la-cuisine\\\/#primaryimage\"},\"thumbnailUrl\":\"https:\\\/\\\/springfieldinstruments.com\\\/wp-content\\\/uploads\\\/elementor\\\/thumbs\\\/onetouch-owkhd424ohj7fjxq4z1n6f31t3gws46sz15uy87lou.png\",\"datePublished\":\"2020-10-08T02:00:55+00:00\",\"dateModified\":\"2020-10-08T02:01:35+00:00\",\"description\":\"Les produits pour la cuisine de marque One Touch repr\u00e9sentent la prochaine g\u00e9n\u00e9ration de produits de consommation \u00e0 la fine pointe de la technologie.\",\"breadcrumb\":{\"@id\":\"https:\\\/\\\/springfieldinstruments.com\\\/fr\\\/produits\\\/solutions-pour-la-cuisine\\\/#breadcrumb\"},\"inLanguage\":\"fr-FR\",\"potentialAction\":[{\"@type\":\"ReadAction\",\"target\":[\"https:\\\/\\\/springfieldinstruments.com\\\/fr\\\/produits\\\/solutions-pour-la-cuisine\\\/\"]}]},{\"@type\":\"ImageObject\",\"inLanguage\":\"fr-FR\",\"@id\":\"https:\\\/\\\/springfieldinstruments.com\\\/fr\\\/produits\\\/solutions-pour-la-cuisine\\\/#primaryimage\",\"url\":\"https:\\\/\\\/springfieldinstruments.com\\\/wp-content\\\/uploads\\\/elementor\\\/thumbs\\\/onetouch-owkhd424ohj7fjxq4z1n6f31t3gws46sz15uy87lou.png\",\"contentUrl\":\"https:\\\/\\\/springfieldinstruments.com\\\/wp-content\\\/uploads\\\/elementor\\\/thumbs\\\/onetouch-owkhd424ohj7fjxq4z1n6f31t3gws46sz15uy87lou.png\"},{\"@type\":\"BreadcrumbList\",\"@id\":\"https:\\\/\\\/springfieldinstruments.com\\\/fr\\\/produits\\\/solutions-pour-la-cuisine\\\/#breadcrumb\",\"itemListElement\":[{\"@type\":\"ListItem\",\"position\":1,\"name\":\"Home\",\"item\":\"https:\\\/\\\/springfieldinstruments.com\\\/\"},{\"@type\":\"ListItem\",\"position\":2,\"name\":\"Produits\",\"item\":\"https:\\\/\\\/springfieldinstruments.com\\\/fr\\\/produits\\\/\"},{\"@type\":\"ListItem\",\"position\":3,\"name\":\"Solutions pour la cuisine\"}]},{\"@type\":\"WebSite\",\"@id\":\"https:\\\/\\\/springfieldinstruments.com\\\/#website\",\"url\":\"https:\\\/\\\/springfieldinstruments.com\\\/\",\"name\":\"Springfield Instruments\",\"description\":\"Innovative\u00a0lifestyle products\u00a0for home and kitchen\",\"publisher\":{\"@id\":\"https:\\\/\\\/springfieldinstruments.com\\\/#organization\"},\"potentialAction\":[{\"@type\":\"SearchAction\",\"target\":{\"@type\":\"EntryPoint\",\"urlTemplate\":\"https:\\\/\\\/springfieldinstruments.com\\\/?s={search_term_string}\"},\"query-input\":{\"@type\":\"PropertyValueSpecification\",\"valueRequired\":true,\"valueName\":\"search_term_string\"}}],\"inLanguage\":\"fr-FR\"},{\"@type\":\"Organization\",\"@id\":\"https:\\\/\\\/springfieldinstruments.com\\\/#organization\",\"name\":\"Springfield Instruments\",\"url\":\"https:\\\/\\\/springfieldinstruments.com\\\/\",\"logo\":{\"@type\":\"ImageObject\",\"inLanguage\":\"fr-FR\",\"@id\":\"https:\\\/\\\/springfieldinstruments.com\\\/#\\\/schema\\\/logo\\\/image\\\/\",\"url\":\"https:\\\/\\\/springfieldinstruments.com\\\/wp-content\\\/uploads\\\/2020\\\/10\\\/springfield-logo-blue.png\",\"contentUrl\":\"https:\\\/\\\/springfieldinstruments.com\\\/wp-content\\\/uploads\\\/2020\\\/10\\\/springfield-logo-blue.png\",\"width\":301,\"height\":98,\"caption\":\"Springfield Instruments\"},\"image\":{\"@id\":\"https:\\\/\\\/springfieldinstruments.com\\\/#\\\/schema\\\/logo\\\/image\\\/\"}}]}<\/script>\n<!-- \/ Yoast SEO plugin. -->","yoast_head_json":{"title":"Solutions pour la cuisine","description":"Les produits pour la cuisine de marque One Touch repr\u00e9sentent la prochaine g\u00e9n\u00e9ration de produits de consommation \u00e0 la fine pointe de la technologie.","robots":{"index":"index","follow":"follow","max-snippet":"max-snippet:-1","max-image-preview":"max-image-preview:large","max-video-preview":"max-video-preview:-1"},"canonical":"https:\/\/springfieldinstruments.com\/fr\/produits\/solutions-pour-la-cuisine\/","og_locale":"fr_FR","og_type":"article","og_title":"Solutions pour la cuisine","og_description":"Les produits pour la cuisine de marque One Touch repr\u00e9sentent la prochaine g\u00e9n\u00e9ration de produits de consommation \u00e0 la fine pointe de la technologie.","og_url":"https:\/\/springfieldinstruments.com\/fr\/produits\/solutions-pour-la-cuisine\/","og_site_name":"Springfield Instruments","article_modified_time":"2020-10-08T02:01:35+00:00","og_image":[{"url":"https:\/\/springfieldinstruments.com\/wp-content\/uploads\/elementor\/thumbs\/onetouch-owkhd424ohj7fjxq4z1n6f31t3gws46sz15uy87lou.png","type":"","width":"","height":""}],"twitter_card":"summary_large_image","schema":{"@context":"https:\/\/schema.org","@graph":[{"@type":"WebPage","@id":"https:\/\/springfieldinstruments.com\/fr\/produits\/solutions-pour-la-cuisine\/","url":"https:\/\/springfieldinstruments.com\/fr\/produits\/solutions-pour-la-cuisine\/","name":"Solutions pour la cuisine","isPartOf":{"@id":"https:\/\/springfieldinstruments.com\/#website"},"primaryImageOfPage":{"@id":"https:\/\/springfieldinstruments.com\/fr\/produits\/solutions-pour-la-cuisine\/#primaryimage"},"image":{"@id":"https:\/\/springfieldinstruments.com\/fr\/produits\/solutions-pour-la-cuisine\/#primaryimage"},"thumbnailUrl":"https:\/\/springfieldinstruments.com\/wp-content\/uploads\/elementor\/thumbs\/onetouch-owkhd424ohj7fjxq4z1n6f31t3gws46sz15uy87lou.png","datePublished":"2020-10-08T02:00:55+00:00","dateModified":"2020-10-08T02:01:35+00:00","description":"Les produits pour la cuisine de marque One Touch repr\u00e9sentent la prochaine g\u00e9n\u00e9ration de produits de consommation \u00e0 la fine pointe de la technologie.","breadcrumb":{"@id":"https:\/\/springfieldinstruments.com\/fr\/produits\/solutions-pour-la-cuisine\/#breadcrumb"},"inLanguage":"fr-FR","potentialAction":[{"@type":"ReadAction","target":["https:\/\/springfieldinstruments.com\/fr\/produits\/solutions-pour-la-cuisine\/"]}]},{"@type":"ImageObject","inLanguage":"fr-FR","@id":"https:\/\/springfieldinstruments.com\/fr\/produits\/solutions-pour-la-cuisine\/#primaryimage","url":"https:\/\/springfieldinstruments.com\/wp-content\/uploads\/elementor\/thumbs\/onetouch-owkhd424ohj7fjxq4z1n6f31t3gws46sz15uy87lou.png","contentUrl":"https:\/\/springfieldinstruments.com\/wp-content\/uploads\/elementor\/thumbs\/onetouch-owkhd424ohj7fjxq4z1n6f31t3gws46sz15uy87lou.png"},{"@type":"BreadcrumbList","@id":"https:\/\/springfieldinstruments.com\/fr\/produits\/solutions-pour-la-cuisine\/#breadcrumb","itemListElement":[{"@type":"ListItem","position":1,"name":"Home","item":"https:\/\/springfieldinstruments.com\/"},{"@type":"ListItem","position":2,"name":"Produits","item":"https:\/\/springfieldinstruments.com\/fr\/produits\/"},{"@type":"ListItem","position":3,"name":"Solutions pour la cuisine"}]},{"@type":"WebSite","@id":"https:\/\/springfieldinstruments.com\/#website","url":"https:\/\/springfieldinstruments.com\/","name":"Springfield Instruments","description":"Innovative\u00a0lifestyle products\u00a0for home and kitchen","publisher":{"@id":"https:\/\/springfieldinstruments.com\/#organization"},"potentialAction":[{"@type":"SearchAction","target":{"@type":"EntryPoint","urlTemplate":"https:\/\/springfieldinstruments.com\/?s={search_term_string}"},"query-input":{"@type":"PropertyValueSpecification","valueRequired":true,"valueName":"search_term_string"}}],"inLanguage":"fr-FR"},{"@type":"Organization","@id":"https:\/\/springfieldinstruments.com\/#organization","name":"Springfield Instruments","url":"https:\/\/springfieldinstruments.com\/","logo":{"@type":"ImageObject","inLanguage":"fr-FR","@id":"https:\/\/springfieldinstruments.com\/#\/schema\/logo\/image\/","url":"https:\/\/springfieldinstruments.com\/wp-content\/uploads\/2020\/10\/springfield-logo-blue.png","contentUrl":"https:\/\/springfieldinstruments.com\/wp-content\/uploads\/2020\/10\/springfield-logo-blue.png","width":301,"height":98,"caption":"Springfield Instruments"},"image":{"@id":"https:\/\/springfieldinstruments.com\/#\/schema\/logo\/image\/"}}]}},"_links":{"self":[{"href":"https:\/\/springfieldinstruments.com\/fr\/wp-json\/wp\/v2\/pages\/616","targetHints":{"allow":["GET"]}}],"collection":[{"href":"https:\/\/springfieldinstruments.com\/fr\/wp-json\/wp\/v2\/pages"}],"about":[{"href":"https:\/\/springfieldinstruments.com\/fr\/wp-json\/wp\/v2\/types\/page"}],"author":[{"embeddable":true,"href":"https:\/\/springfieldinstruments.com\/fr\/wp-json\/wp\/v2\/users\/1"}],"replies":[{"embeddable":true,"href":"https:\/\/springfieldinstruments.com\/fr\/wp-json\/wp\/v2\/comments?post=616"}],"version-history":[{"count":2,"href":"https:\/\/springfieldinstruments.com\/fr\/wp-json\/wp\/v2\/pages\/616\/revisions"}],"predecessor-version":[{"id":618,"href":"https:\/\/springfieldinstruments.com\/fr\/wp-json\/wp\/v2\/pages\/616\/revisions\/618"}],"up":[{"embeddable":true,"href":"https:\/\/springfieldinstruments.com\/fr\/wp-json\/wp\/v2\/pages\/602"}],"wp:attachment":[{"href":"https:\/\/springfieldinstruments.com\/fr\/wp-json\/wp\/v2\/media?parent=616"}],"curies":[{"name":"wp","href":"https:\/\/api.w.org\/{rel}","templated":true}]}}